{"id":9190,"date":"2020-04-03T16:48:08","date_gmt":"2020-04-03T16:48:08","guid":{"rendered":"https:\/\/test.virtualab.eu\/?page_id=9190"},"modified":"2021-09-08T19:05:23","modified_gmt":"2021-09-08T19:05:23","slug":"home","status":"publish","type":"page","link":"https:\/\/www.gantle.it\/en\/","title":{"rendered":"Home"},"content":{"rendered":"<p>&lt;p&gt;[vc_row][vc_column][vc_empty_space height=&#8221;2em&#8221; alter_height=&#8221;none&#8221; hide_on_mobile=&#8221;&#8221;][vc_empty_space height=&#8221;2em&#8221; alter_height=&#8221;none&#8221; hide_on_mobile=&#8221;&#8221;][\/vc_column][\/vc_row][vc_row][vc_column width=&#8221;1\/4&#8243; offset=&#8221;vc_col-md-3&#8243;][\/vc_column][vc_column width=&#8221;1\/2&#8243; offset=&#8221;vc_col-md-3&#8243;][vc_empty_space height=&#8221;2.5em&#8221; alter_height=&#8221;none&#8221; hide_on_mobile=&#8221;&#8221;][\/vc_column][vc_column width=&#8221;1\/4&#8243;][vc_empty_space height=&#8221;2.5em&#8221; alter_height=&#8221;none&#8221; hide_on_mobile=&#8221;&#8221;][\/vc_column][\/vc_row][vc_row][vc_column][vc_empty_space height=&#8221;2em&#8221; alter_height=&#8221;none&#8221; hide_on_mobile=&#8221;&#8221;][vc_empty_space height=&#8221;2em&#8221; alter_height=&#8221;none&#8221; hide_on_mobile=&#8221;&#8221;][\/vc_column][vc_column][vc_empty_space height=&#8221;2em&#8221; alter_height=&#8221;none&#8221; hide_on_mobile=&#8221;&#8221;][vc_column_text]&lt;\/p&gt;<br>&lt;h6 class=&#8221;sc_item_subtitle sc_title_subtitle sc_align_center sc_item_title_style_default&#8221; style=&#8221;text-align: center;&#8221;&gt;ISPIRATI DALLA TUA&lt;\/h6&gt;<br>&lt;h5 class=&#8221;sc_item_title sc_title_title sc_align_center sc_item_title_style_default sc_item_title_tag&#8221; style=&#8221;text-align: center;&#8221;&gt;Passione&lt;\/h5&gt;<br>&lt;div class=&#8221;sc_item_descr sc_title_descr sc_align_center&#8221;&gt;<br>&lt;p style=&#8221;text-align: center;&#8221;&gt;dal ballo e dalla moda, con il desiderio di creare capi unici per farvi sentire speciali&lt;\/p&gt;<br>&lt;\/div&gt;<br>&lt;p&gt;[\/vc_column_text][vc_empty_space height=&#8221;2em&#8221; alter_height=&#8221;none&#8221; hide_on_mobile=&#8221;&#8221;][\/vc_column][\/vc_row][vc_row full_width=&#8221;stretch_row&#8221; gap=&#8221;30&#8243; equal_height=&#8221;yes&#8221; content_placement=&#8221;top&#8221; parallax=&#8221;content-moving-fade&#8221; scheme=&#8221;default&#8221; css=&#8221;.vc_custom_1585931593496{margin-top: 5px !important;margin-bottom: 5px !important;border-top-width: 1px !important;border-bottom-width: 1px !important;padding-top: 30px !important;padding-bottom: 30px !important;background-color: #f4f4f4 !important;border-top-color: #cccccc !important;border-top-style: ridge !important;border-bottom-color: #cccccc !important;border-bottom-style: ridge !important;}&#8221;][vc_column][vc_column_text]&lt;\/p&gt;<br>&lt;p style=&#8221;text-align: justify;&#8221;&gt;&lt;span style=&#8221;font-size: 16px;&#8221;&gt;&lt;img class=&#8221;size-full wp-image-1978 aligncenter&#8221; src=&#8221;http:\/\/gantle.it\/wp-content\/uploads\/2018\/01\/logo-gantle-black.png&#8221; alt=&#8221;&#8221; width=&#8221;191&#8243; height=&#8221;60&#8243; \/&gt;&lt;\/span&gt;&lt;\/p&gt;<br>&lt;p style=&#8221;text-align: justify;&#8221;&gt;&lt;span style=&#8221;font-size: 16px;&#8221;&gt;Gantl\u00e9 \u00e8 un marchio italiano di abbigliamento da ballo. Creato a Firenze nel 2015, inizialmente ispirato alla bellezza e alla passione del tango argentino, si e poi affacciato ad altri tipi di ballo, danze standard e balli da sala.&lt;\/span&gt;&lt;\/p&gt;<br>&lt;p style=&#8221;text-align: justify;&#8221;&gt;&lt;span style=&#8221;font-size: 16px;&#8221;&gt;I nostri capi sono realizzati con tessuti italiani di altissima qualit\u00e0, garantendo durata, comfort e traspirabilit\u00e0 di ciascuno abito. Diamo la massima attenzione alla cura dei dettagli e ci dedichiamo costantemente allo sviluppo di modelli sempre nuovi per creare capi eleganti ed unici.&lt;\/span&gt;&lt;\/p&gt;<br>&lt;p style=&#8221;text-align: justify;&#8221;&gt;&lt;span style=&#8221;font-size: 16px;&#8221;&gt;La nostra collezione \u00e8 qualcosa di pi\u00f9 di un semplice vestito, \u00e8 il frutto dell\u2019unione dell\u2019amore per il ballo e per la moda, del nostro senso di bellezza ed esperienza nella danza. &lt;\/span&gt;&lt;\/p&gt;<br>&lt;p style=&#8221;text-align: justify;&#8221;&gt;&lt;span style=&#8221;font-size: 16px;&#8221;&gt;&#8230;Gantl\u00e9 \u00e8 sempre &lt;em&gt;&lt;span style=&#8221;color: #ff7259;&#8221;&gt;one step ahead!&lt;\/span&gt;&lt;\/em&gt;&lt;\/span&gt;&lt;\/p&gt;<br>&lt;p&gt;[\/vc_column_text][\/vc_column][\/vc_row][vc_row][vc_column][vc_column_text]&lt;\/p&gt;<br>&lt;h6 class=&#8221;sc_item_subtitle sc_title_subtitle sc_align_center sc_item_title_style_default&#8221; style=&#8221;text-align: center;&#8221;&gt;Trova il vestito per te!&lt;\/h6&gt;<br>&lt;h2 class=&#8221;sc_item_title sc_title_title sc_align_center sc_item_title_style_default&#8221; style=&#8221;text-align: center;&#8221;&gt;&lt;span style=&#8221;font-size: 60px;&#8221;&gt;&lt;a href=&#8221;http:\/\/www.gantle.it\/shop-online\/&#8221;&gt;&lt;span style=&#8221;font-size: 48px;&#8221;&gt;Nuovi arrivi&lt;\/span&gt;&lt;\/a&gt;&lt;\/span&gt;&lt;\/h2&gt;<br>&lt;p&gt;[\/vc_column_text][\/vc_column][\/vc_row][vc_row el_class=&#8221;body_wrap&#8221; css=&#8221;.vc_custom_1585931395437{background-color: #ada5a1 !important;}&#8221;][vc_column]<div class=\"woocommerce columns-4 \">\n<div class=\"products_wrapper mfn-woo-products isotope_wrapper default-woo-loop lm_wrapper\">\n\t<ul class=\"products \">\n<li class=\"isotope-item align-center product type-product post-7812 status-publish first instock product_cat-dresses product_cat-tango-en product_cat-woman has-post-thumbnail shipping-taxable purchasable product-type-variable\" >\n\n\t<div class=\"mfn-li-product-row mfn-li-product-row-image\"><div class=\"image_frame scale-with-grid product-loop-thumb\"><div class=\"image_wrapper \"><a href=\"https:\/\/www.gantle.it\/en\/prodotto\/dafne-fiori\/\" aria-label=\"Dafne Fiori\" tabindex=\"-1\"><div class=\"mask\"><\/div><img loading=\"lazy\" decoding=\"async\" width=\"667\" height=\"1000\" src=\"https:\/\/www.gantle.it\/wp-content\/uploads\/2018\/06\/Dafne-Fiori-Gantl\u00e9-1-of-1-7.jpg\" class=\"attachment-woocommerce_thumbnail size-woocommerce_thumbnail\" alt=\"\" srcset=\"https:\/\/www.gantle.it\/wp-content\/uploads\/2018\/06\/Dafne-Fiori-Gantl\u00e9-1-of-1-7.jpg 667w, https:\/\/www.gantle.it\/wp-content\/uploads\/2018\/06\/Dafne-Fiori-Gantl\u00e9-1-of-1-7-133x200.jpg 133w, https:\/\/www.gantle.it\/wp-content\/uploads\/2018\/06\/Dafne-Fiori-Gantl\u00e9-1-of-1-7-97x146.jpg 97w, https:\/\/www.gantle.it\/wp-content\/uploads\/2018\/06\/Dafne-Fiori-Gantl\u00e9-1-of-1-7-33x50.jpg 33w, https:\/\/www.gantle.it\/wp-content\/uploads\/2018\/06\/Dafne-Fiori-Gantl\u00e9-1-of-1-7-50x75.jpg 50w, https:\/\/www.gantle.it\/wp-content\/uploads\/2018\/06\/Dafne-Fiori-Gantl\u00e9-1-of-1-7-500x750.jpg 500w\" sizes=\"auto, (max-width:767px) 667px, 667px\" \/><\/a><div class=\"image_links\"><a class=\"link\" tabindex=\"-1\" href=\"https:\/\/www.gantle.it\/en\/prodotto\/dafne-fiori\/\"><svg viewBox=\"0 0 26 26\"><defs><style>.path{fill:none;stroke:#333;stroke-miterlimit:10;stroke-width:1.5px;}<\/style><\/defs><g><path d=\"M10.17,8.76l2.12-2.12a5,5,0,0,1,7.07,0h0a5,5,0,0,1,0,7.07l-2.12,2.12\" class=\"path\"\/><path d=\"M15.83,17.24l-2.12,2.12a5,5,0,0,1-7.07,0h0a5,5,0,0,1,0-7.07l2.12-2.12\" class=\"path\"\/><line x1=\"10.17\" y1=\"15.83\" x2=\"15.83\" y2=\"10.17\" class=\"path\"\/><\/g><\/svg><\/a><\/div><\/div><a href=\"https:\/\/www.gantle.it\/en\/prodotto\/dafne-fiori\/\" aria-label=\"Dafne Fiori\" tabindex=\"-1\"><span class=\"product-loading-icon added-cart\"><\/span><\/a><\/div><\/div>\n\t<div class=\"desc\">\n\n\t\t\n\t\t<h4 class=\"mfn-woo-product-title\"><a href=\"https:\/\/www.gantle.it\/en\/prodotto\/dafne-fiori\/\">Dafne Fiori<\/a><\/h4>\n\t\t<div class=\"mfn-variations-wrapper-loop\"><\/div>\n\t<span class=\"price\"><span class=\"woocommerce-Price-amount amount\"><bdi><span class=\"woocommerce-Price-currencySymbol\">&euro;<\/span>104.00<\/bdi><\/span><\/span>\n<div class=\"mfn-li-product-row mfn-li-product-row-button hide-button\"><\/div>\n\t<\/div>\n\n<\/li>\n<li class=\"isotope-item align-center product type-product post-1881 status-publish instock product_cat-skirts product_cat-tango-en product_cat-woman has-post-thumbnail shipping-taxable purchasable product-type-variable\" >\n\n\t<div class=\"mfn-li-product-row mfn-li-product-row-image\"><div class=\"image_frame scale-with-grid product-loop-thumb\"><div class=\"image_wrapper \"><a href=\"https:\/\/www.gantle.it\/en\/prodotto\/acca\/\" aria-label=\"Acca\" tabindex=\"-1\"><div class=\"mask\"><\/div><img loading=\"lazy\" decoding=\"async\" width=\"667\" height=\"1000\" src=\"https:\/\/www.gantle.it\/wp-content\/uploads\/2018\/01\/Acca-Gantl\u00e9-1.jpg\" class=\"attachment-woocommerce_thumbnail size-woocommerce_thumbnail\" alt=\"\" srcset=\"https:\/\/www.gantle.it\/wp-content\/uploads\/2018\/01\/Acca-Gantl\u00e9-1.jpg 667w, https:\/\/www.gantle.it\/wp-content\/uploads\/2018\/01\/Acca-Gantl\u00e9-1-133x200.jpg 133w, https:\/\/www.gantle.it\/wp-content\/uploads\/2018\/01\/Acca-Gantl\u00e9-1-97x146.jpg 97w, https:\/\/www.gantle.it\/wp-content\/uploads\/2018\/01\/Acca-Gantl\u00e9-1-33x50.jpg 33w, https:\/\/www.gantle.it\/wp-content\/uploads\/2018\/01\/Acca-Gantl\u00e9-1-50x75.jpg 50w, https:\/\/www.gantle.it\/wp-content\/uploads\/2018\/01\/Acca-Gantl\u00e9-1-500x750.jpg 500w\" sizes=\"auto, (max-width:767px) 667px, 667px\" \/><\/a><div class=\"image_links\"><a class=\"link\" tabindex=\"-1\" href=\"https:\/\/www.gantle.it\/en\/prodotto\/acca\/\"><svg viewBox=\"0 0 26 26\"><defs><style>.path{fill:none;stroke:#333;stroke-miterlimit:10;stroke-width:1.5px;}<\/style><\/defs><g><path d=\"M10.17,8.76l2.12-2.12a5,5,0,0,1,7.07,0h0a5,5,0,0,1,0,7.07l-2.12,2.12\" class=\"path\"\/><path d=\"M15.83,17.24l-2.12,2.12a5,5,0,0,1-7.07,0h0a5,5,0,0,1,0-7.07l2.12-2.12\" class=\"path\"\/><line x1=\"10.17\" y1=\"15.83\" x2=\"15.83\" y2=\"10.17\" class=\"path\"\/><\/g><\/svg><\/a><\/div><\/div><a href=\"https:\/\/www.gantle.it\/en\/prodotto\/acca\/\" aria-label=\"Acca\" tabindex=\"-1\"><span class=\"product-loading-icon added-cart\"><\/span><\/a><\/div><\/div>\n\t<div class=\"desc\">\n\n\t\t\n\t\t<h4 class=\"mfn-woo-product-title\"><a href=\"https:\/\/www.gantle.it\/en\/prodotto\/acca\/\">Acca<\/a><\/h4>\n\t\t<div class=\"mfn-variations-wrapper-loop\"><\/div>\n\t<span class=\"price\"><span class=\"woocommerce-Price-amount amount\"><bdi><span class=\"woocommerce-Price-currencySymbol\">&euro;<\/span>54.00<\/bdi><\/span><\/span>\n<div class=\"mfn-li-product-row mfn-li-product-row-button hide-button\"><\/div>\n\t<\/div>\n\n<\/li>\n\n\t<\/ul>\n<\/div><\/div>[\/vc_column][\/vc_row][vc_row][vc_column][vc_empty_space height=&#8221;2.5em&#8221; alter_height=&#8221;none&#8221; hide_on_mobile=&#8221;&#8221;][\/vc_column][\/vc_row]&lt;\/p&gt;<\/p>","protected":false},"excerpt":{"rendered":"<p>&lt;p&gt;[vc_row][vc_column][vc_empty_space height=&#8221;2em&#8221; alter_height=&#8221;none&#8221; hide_on_mobile=&#8221;&#8221;][vc_empty_space height=&#8221;2em&#8221; alter_height=&#8221;none&#8221; hide_on_mobile=&#8221;&#8221;][\/vc_column][\/vc_row][vc_row][vc_column width=&#8221;1\/4&#8243; offset=&#8221;vc_col-md-3&#8243;][\/vc_column][vc_column width=&#8221;1\/2&#8243; offset=&#8221;vc_col-md-3&#8243;][vc_empty_space height=&#8221;2.5em&#8221; alter_height=&#8221;none&#8221; hide_on_mobile=&#8221;&#8221;][\/vc_column][vc_column width=&#8221;1\/4&#8243;][vc_empty_space height=&#8221;2.5em&#8221; alter_height=&#8221;none&#8221; hide_on_mobile=&#8221;&#8221;][\/vc_column][\/vc_row][vc_row][vc_column][vc_empty_space height=&#8221;2em&#8221; alter_height=&#8221;none&#8221; hide_on_mobile=&#8221;&#8221;][vc_empty_space height=&#8221;2em&#8221; alter_height=&#8221;none&#8221; hide_on_mobile=&#8221;&#8221;][\/vc_column][vc_column][vc_empty_space height=&#8221;2em&#8221; alter_height=&#8221;none&#8221;<span class=\"excerpt-hellip\"> [\u2026]<\/span><\/p>\n","protected":false},"author":11,"featured_media":0,"parent":0,"menu_order":0,"comment_status":"closed","ping_status":"closed","template":"","meta":{"footnotes":""},"class_list":["post-9190","page","type-page","status-publish","hentry"],"yoast_head":"<!-- This site is optimized with the Yoast SEO plugin v27.4 - https:\/\/yoast.com\/product\/yoast-seo-wordpress\/ -->\n<title>Gantl\u00e9 Italian brand of dance clothes for tango, salsa, ballroom and more.<\/title>\n<meta name=\"description\" content=\"Unique and stylish dance wear inspired by the passion of dance and designed to guarantee great look and maximum comfort. Made in Italy.\" \/>\n<meta name=\"robots\" content=\"index, follow, max-snippet:-1, max-image-preview:large, max-video-preview:-1\" \/>\n<link rel=\"canonical\" href=\"https:\/\/www.gantle.it\/en\/\" \/>\n<meta property=\"og:locale\" content=\"en_US\" \/>\n<meta property=\"og:type\" content=\"article\" \/>\n<meta property=\"og:title\" content=\"Gantl\u00e9 Italian brand of dance clothes for tango, salsa, ballroom and more.\" \/>\n<meta property=\"og:description\" content=\"Unique and stylish dance wear inspired by the passion of dance and designed to guarantee great look and maximum comfort. Made in Italy.\" \/>\n<meta property=\"og:url\" content=\"https:\/\/www.gantle.it\/en\/\" \/>\n<meta property=\"og:site_name\" content=\"Gantl\u00e9\" \/>\n<meta property=\"article:modified_time\" content=\"2021-09-08T19:05:23+00:00\" \/>\n<meta name=\"twitter:card\" content=\"summary_large_image\" \/>\n<meta name=\"twitter:label1\" content=\"Est. reading time\" \/>\n\t<meta name=\"twitter:data1\" content=\"2 minutes\" \/>\n<script type=\"application\/ld+json\" class=\"yoast-schema-graph\">{\"@context\":\"https:\\\/\\\/schema.org\",\"@graph\":[{\"@type\":\"WebPage\",\"@id\":\"https:\\\/\\\/www.gantle.it\\\/en\\\/\",\"url\":\"https:\\\/\\\/www.gantle.it\\\/en\\\/\",\"name\":\"Gantl\u00e9 Italian brand of dance clothes for tango, salsa, ballroom and more.\",\"isPartOf\":{\"@id\":\"https:\\\/\\\/www.gantle.it\\\/#website\"},\"datePublished\":\"2020-04-03T16:48:08+00:00\",\"dateModified\":\"2021-09-08T19:05:23+00:00\",\"description\":\"Unique and stylish dance wear inspired by the passion of dance and designed to guarantee great look and maximum comfort. Made in Italy.\",\"breadcrumb\":{\"@id\":\"https:\\\/\\\/www.gantle.it\\\/en\\\/#breadcrumb\"},\"inLanguage\":\"en-US\",\"potentialAction\":[{\"@type\":\"ReadAction\",\"target\":[\"https:\\\/\\\/www.gantle.it\\\/en\\\/\"]}]},{\"@type\":\"BreadcrumbList\",\"@id\":\"https:\\\/\\\/www.gantle.it\\\/en\\\/#breadcrumb\",\"itemListElement\":[{\"@type\":\"ListItem\",\"position\":1,\"name\":\"Home\",\"item\":\"https:\\\/\\\/www.gantle.it\\\/en\\\/\"},{\"@type\":\"ListItem\",\"position\":2,\"name\":\"Home\"}]},{\"@type\":\"WebSite\",\"@id\":\"https:\\\/\\\/www.gantle.it\\\/#website\",\"url\":\"https:\\\/\\\/www.gantle.it\\\/\",\"name\":\"Gantl\u00e9\",\"description\":\"One step ahead\",\"potentialAction\":[{\"@type\":\"SearchAction\",\"target\":{\"@type\":\"EntryPoint\",\"urlTemplate\":\"https:\\\/\\\/www.gantle.it\\\/?s={search_term_string}\"},\"query-input\":{\"@type\":\"PropertyValueSpecification\",\"valueRequired\":true,\"valueName\":\"search_term_string\"}}],\"inLanguage\":\"en-US\"}]}<\/script>\n<!-- \/ Yoast SEO plugin. -->","yoast_head_json":{"title":"Gantl\u00e9 Italian brand of dance clothes for tango, salsa, ballroom and more.","description":"Unique and stylish dance wear inspired by the passion of dance and designed to guarantee great look and maximum comfort. Made in Italy.","robots":{"index":"index","follow":"follow","max-snippet":"max-snippet:-1","max-image-preview":"max-image-preview:large","max-video-preview":"max-video-preview:-1"},"canonical":"https:\/\/www.gantle.it\/en\/","og_locale":"en_US","og_type":"article","og_title":"Gantl\u00e9 Italian brand of dance clothes for tango, salsa, ballroom and more.","og_description":"Unique and stylish dance wear inspired by the passion of dance and designed to guarantee great look and maximum comfort. Made in Italy.","og_url":"https:\/\/www.gantle.it\/en\/","og_site_name":"Gantl\u00e9","article_modified_time":"2021-09-08T19:05:23+00:00","twitter_card":"summary_large_image","twitter_misc":{"Est. reading time":"2 minutes"},"schema":{"@context":"https:\/\/schema.org","@graph":[{"@type":"WebPage","@id":"https:\/\/www.gantle.it\/en\/","url":"https:\/\/www.gantle.it\/en\/","name":"Gantl\u00e9 Italian brand of dance clothes for tango, salsa, ballroom and more.","isPartOf":{"@id":"https:\/\/www.gantle.it\/#website"},"datePublished":"2020-04-03T16:48:08+00:00","dateModified":"2021-09-08T19:05:23+00:00","description":"Unique and stylish dance wear inspired by the passion of dance and designed to guarantee great look and maximum comfort. Made in Italy.","breadcrumb":{"@id":"https:\/\/www.gantle.it\/en\/#breadcrumb"},"inLanguage":"en-US","potentialAction":[{"@type":"ReadAction","target":["https:\/\/www.gantle.it\/en\/"]}]},{"@type":"BreadcrumbList","@id":"https:\/\/www.gantle.it\/en\/#breadcrumb","itemListElement":[{"@type":"ListItem","position":1,"name":"Home","item":"https:\/\/www.gantle.it\/en\/"},{"@type":"ListItem","position":2,"name":"Home"}]},{"@type":"WebSite","@id":"https:\/\/www.gantle.it\/#website","url":"https:\/\/www.gantle.it\/","name":"Gantl\u00e9","description":"One step ahead","potentialAction":[{"@type":"SearchAction","target":{"@type":"EntryPoint","urlTemplate":"https:\/\/www.gantle.it\/?s={search_term_string}"},"query-input":{"@type":"PropertyValueSpecification","valueRequired":true,"valueName":"search_term_string"}}],"inLanguage":"en-US"}]}},"_links":{"self":[{"href":"https:\/\/www.gantle.it\/en\/wp-json\/wp\/v2\/pages\/9190","targetHints":{"allow":["GET"]}}],"collection":[{"href":"https:\/\/www.gantle.it\/en\/wp-json\/wp\/v2\/pages"}],"about":[{"href":"https:\/\/www.gantle.it\/en\/wp-json\/wp\/v2\/types\/page"}],"author":[{"embeddable":true,"href":"https:\/\/www.gantle.it\/en\/wp-json\/wp\/v2\/users\/11"}],"replies":[{"embeddable":true,"href":"https:\/\/www.gantle.it\/en\/wp-json\/wp\/v2\/comments?post=9190"}],"version-history":[{"count":7,"href":"https:\/\/www.gantle.it\/en\/wp-json\/wp\/v2\/pages\/9190\/revisions"}],"predecessor-version":[{"id":10835,"href":"https:\/\/www.gantle.it\/en\/wp-json\/wp\/v2\/pages\/9190\/revisions\/10835"}],"wp:attachment":[{"href":"https:\/\/www.gantle.it\/en\/wp-json\/wp\/v2\/media?parent=9190"}],"curies":[{"name":"wp","href":"https:\/\/api.w.org\/{rel}","templated":true}]}}